{"id":123,"date":"2026-02-14T11:52:09","date_gmt":"2026-02-14T11:52:09","guid":{"rendered":"https:\/\/jjts.ee\/?page_id=123"},"modified":"2026-02-16T14:33:51","modified_gmt":"2026-02-16T12:33:51","slug":"info","status":"publish","type":"page","link":"https:\/\/jjts.ee\/en\/info\/","title":{"rendered":"Information and opening hours"},"content":{"rendered":"<div class=\"wp-block-group alignfull is-style-ext-preset--group--natural-1--section has-background-background-color has-background has-global-padding is-layout-constrained wp-block-group-is-layout-constrained\" style=\"margin-top:0;margin-bottom:0;padding-top:var(--wp--preset--spacing--70);padding-bottom:var(--wp--preset--spacing--70)\">\n<div class=\"wp-block-columns alignwide is-layout-flex wp-container-core-columns-is-layout-08c01c1c wp-block-columns-is-layout-flex\">\n<div class=\"wp-block-column is-vertically-aligned-stretch is-layout-flow wp-block-column-is-layout-flow\">\n<div class=\"wp-block-group alignwide is-style-ext-preset--group--natural-1--item-card-1--align-start has-tertiary-background-color has-background is-nowrap is-layout-flex wp-container-core-group-is-layout-bcde1d39 wp-block-group-is-layout-flex is-style-ext-preset--group--natural-1--item-card-1--align-start--2\" style=\"min-height:100%;padding-top:0;padding-right:0;padding-bottom:0;padding-left:0\">\n<div class=\"wp-block-group alignwide has-global-padding is-layout-constrained wp-container-core-group-is-layout-71f8e6ab wp-block-group-is-layout-constrained\" style=\"padding-top:var(--wp--preset--spacing--50);padding-right:var(--wp--preset--spacing--50);padding-bottom:var(--wp--preset--spacing--50);padding-left:var(--wp--preset--spacing--50)\">\n<div class=\"wp-block-group has-global-padding is-layout-constrained wp-container-core-group-is-layout-812d5580 wp-block-group-is-layout-constrained\" style=\"padding-top:0;padding-right:0;padding-bottom:0;padding-left:0\">\n<h3 class=\"wp-block-heading\" style=\"font-size:clamp(1.25rem, 1.25rem + ((1vw - 0.2rem) * 1.25), 2rem);\">We are open 24\/7<\/h3>\n\n\n\n<p style=\"font-size:clamp(14px, 0.875rem + ((1vw - 3.2px) * 0.417), 18px);\">To visit the Old Tech Park, you can enter the premises through a self-service gate with card payment. This allows you to visit us conveniently at any time.<\/p>\n\n\n\n<p style=\"font-size:clamp(14px, 0.875rem + ((1vw - 3.2px) * 0.417), 18px);\">If you are entering with a stroller or wheelchair, please call +372 50 17 600, and we will assist you.<\/p>\n\n\n\n<p><\/p>\n\n\n\n<h3 class=\"wp-block-heading\" style=\"font-size:clamp(1.25rem, 1.25rem + ((1vw - 0.2rem) * 1.25), 2rem);\">We look forward to welcoming you at:<\/h3>\n\n\n\n<div class=\"wp-block-columns is-not-stacked-on-mobile is-layout-flex wp-container-core-columns-is-layout-6db7e666 wp-block-columns-is-layout-flex\">\n<div class=\"wp-block-column is-layout-flow wp-block-column-is-layout-flow\" style=\"padding-top:2px;flex-basis:24px\">\n<figure class=\"wp-block-image size-large wp-duotone-primary-foreground\"><img decoding=\"async\" src=\"data:image\/svg+xml;base64,PHN2ZyB4bWxucz0iaHR0cDovL3d3dy53My5vcmcvMjAwMC9zdmciIHdpZHRoPSIyNCIgaGVpZ2h0PSIyNCIgZmlsbD0iIzAwMDAwMCIgdmlld0JveD0iMCAwIDI1NiAyNTYiPjxwYXRoIGQ9Ik0yMDAsMjI0SDE1MC41NEEyNjYuNTYsMjY2LjU2LDAsMCwwLDE3NCwyMDAuMjVjMjcuNDUtMzEuNTcsNDItNjQuODUsNDItOTYuMjVhODgsODgsMCwwLDAtMTc2LDBjMCwzMS40LDE0LjUxLDY0LjY4LDQyLDk2LjI1QTI2Ni41NiwyNjYuNTYsMCwwLDAsMTA1LjQ2LDIyNEg1NmE4LDgsMCwwLDAsMCwxNkgyMDBhOCw4LDAsMCwwLDAtMTZaTTU2LDEwNGE3Miw3MiwwLDAsMSwxNDQsMGMwLDU3LjIzLTU1LjQ3LDEwNS03MiwxMThDMTExLjQ3LDIwOSw1NiwxNjEuMjMsNTYsMTA0Wm0xMTIsMGE0MCw0MCwwLDEsMC00MCw0MEE0MCw0MCwwLDAsMCwxNjgsMTA0Wm0tNjQsMGEyNCwyNCwwLDEsMSwyNCwyNEEyNCwyNCwwLDAsMSwxMDQsMTA0WiI+PC9wYXRoPjwvc3ZnPg==\" alt=\"\"\/><\/figure>\n<\/div>\n\n\n\n<div class=\"wp-block-column is-layout-flow wp-container-core-column-is-layout-8a368f38 wp-block-column-is-layout-flow\">\n<p class=\"has-medium-font-size\" style=\"font-style:normal;font-weight:500\">Lai Street 1, J\u00e4rva-Jaani, J\u00e4rva County<\/p>\n\n\n\n<p class=\"has-medium-font-size\" style=\"margin-top:0;margin-bottom:0;font-style:normal;font-weight:500\"><\/p>\n<\/div>\n<\/div>\n<\/div>\n<\/div>\n<\/div>\n<\/div>\n\n\n\n<div class=\"wp-block-column is-vertically-aligned-center is-layout-flow wp-block-column-is-layout-flow\">\n<figure class=\"wp-block-image size-large is-style-ext-preset--image--natural-1--image-1--content-right is-style-ext-preset--image--natural-1--image-1--content-right--3\"><img loading=\"lazy\" decoding=\"async\" width=\"1024\" height=\"771\" src=\"https:\/\/jjts.ee\/wp-content\/uploads\/2026\/02\/varav2-1024x771.jpg\" alt=\"\" class=\"wp-image-129\" style=\"aspect-ratio:4\/3;object-fit:cover\" srcset=\"https:\/\/jjts.ee\/wp-content\/uploads\/2026\/02\/varav2-1024x771.jpg 1024w, https:\/\/jjts.ee\/wp-content\/uploads\/2026\/02\/varav2-300x226.jpg 300w, https:\/\/jjts.ee\/wp-content\/uploads\/2026\/02\/varav2-768x578.jpg 768w, https:\/\/jjts.ee\/wp-content\/uploads\/2026\/02\/varav2-1536x1157.jpg 1536w, https:\/\/jjts.ee\/wp-content\/uploads\/2026\/02\/varav2-16x12.jpg 16w, https:\/\/jjts.ee\/wp-content\/uploads\/2026\/02\/varav2.jpg 2048w\" sizes=\"auto, (max-width: 1024px) 100vw, 1024px\" \/><\/figure>\n<\/div>\n<\/div>\n<\/div>\n\n\n\n<div class=\"wp-block-group alignfull is-style-ext-preset--group--natural-1--section has-tertiary-background-color has-background has-global-padding is-layout-constrained wp-container-core-group-is-layout-e955bbaf wp-block-group-is-layout-constrained\" style=\"margin-top:0;margin-bottom:0;padding-top:var(--wp--preset--spacing--70);padding-bottom:var(--wp--preset--spacing--70)\">\n<div class=\"wp-block-media-text alignwide is-stacked-on-mobile is-image-fill-element is-style-ext-preset--media-text--natural-1--card-1 has-background-background-color has-background is-style-ext-preset--media-text--natural-1--card-1--5\"><figure class=\"wp-block-media-text__media\"><img loading=\"lazy\" decoding=\"async\" width=\"1024\" height=\"576\" src=\"https:\/\/jjts.ee\/wp-content\/uploads\/2026\/02\/park2-1024x576.jpg\" alt=\"\" class=\"wp-image-139 size-full\" style=\"object-position:50% 50%\" srcset=\"https:\/\/jjts.ee\/wp-content\/uploads\/2026\/02\/park2-1024x576.jpg 1024w, https:\/\/jjts.ee\/wp-content\/uploads\/2026\/02\/park2-300x169.jpg 300w, https:\/\/jjts.ee\/wp-content\/uploads\/2026\/02\/park2-768x432.jpg 768w, https:\/\/jjts.ee\/wp-content\/uploads\/2026\/02\/park2-1536x864.jpg 1536w, https:\/\/jjts.ee\/wp-content\/uploads\/2026\/02\/park2-18x10.jpg 18w, https:\/\/jjts.ee\/wp-content\/uploads\/2026\/02\/park2.jpg 2000w\" sizes=\"auto, (max-width: 1024px) 100vw, 1024px\" \/><\/figure><div class=\"wp-block-media-text__content\">\n<div class=\"wp-block-group alignwide is-vertical is-layout-flex wp-container-core-group-is-layout-53474e87 wp-block-group-is-layout-flex\" style=\"padding-top:var(--wp--preset--spacing--60);padding-bottom:var(--wp--preset--spacing--60)\">\n<div class=\"wp-block-group has-global-padding is-layout-constrained wp-container-core-group-is-layout-812d5580 wp-block-group-is-layout-constrained\" style=\"padding-top:0;padding-right:0;padding-bottom:0;padding-left:0\">\n<h4 class=\"wp-block-heading\" style=\"font-size:clamp(1.25rem, 1.25rem + ((1vw - 0.2rem) * 1.25), 2rem);\">Ticket Prices:<\/h4>\n\n\n\n<ul style=\"font-size:clamp(14px, 0.875rem + ((1vw - 3.2px) * 0.417), 18px);\" class=\"wp-block-list\">\n<li>When entering through the self-service gate:\n<ul class=\"wp-block-list\">\n<li>Price per visitor \u2013 \u20ac7.00<\/li>\n<\/ul>\n<\/li>\n<\/ul>\n\n\n\n<p><\/p>\n\n\n\n<ul style=\"font-size:clamp(14px, 0.875rem + ((1vw - 3.2px) * 0.417), 18px);\" class=\"wp-block-list\">\n<li>During the opening hours of the Museum Centre, discounted tickets are available:\nStudents and visitors with a disability certificate \u2013 \u20ac6.00<\/li>\n<\/ul>\n\n\n\n<p style=\"font-size:clamp(14px, 0.875rem + ((1vw - 3.2px) * 0.417), 18px);\"><\/p>\n\n\n\n<h4 class=\"wp-block-heading\" style=\"font-size:clamp(1.25rem, 1.25rem + ((1vw - 0.2rem) * 1.25), 2rem);\">Questions and additional information:<\/h4>\n\n\n\n<div class=\"wp-block-columns are-vertically-aligned-center is-not-stacked-on-mobile is-layout-flex wp-container-core-columns-is-layout-6db7e666 wp-block-columns-is-layout-flex\">\n<div class=\"wp-block-column is-vertically-aligned-center is-layout-flow wp-block-column-is-layout-flow\" style=\"flex-basis:24px\">\n<figure class=\"wp-block-image size-large wp-duotone-primary-foreground\"><img decoding=\"async\" src=\"data:image\/svg+xml;base64,PHN2ZyB4bWxucz0iaHR0cDovL3d3dy53My5vcmcvMjAwMC9zdmciIHdpZHRoPSIyNCIgaGVpZ2h0PSIyNCIgZmlsbD0iIzAwMDAwMCIgdmlld0JveD0iMCAwIDI1NiAyNTYiPjxwYXRoIGQ9Ik0yMjIuMzcsMTU4LjQ2bC00Ny4xMS0yMS4xMS0uMTMtLjA2YTE2LDE2LDAsMCwwLTE1LjE3LDEuNCw4LjEyLDguMTIsMCwwLDAtLjc1LjU2TDEzNC44NywxNjBjLTE1LjQyLTcuNDktMzEuMzQtMjMuMjktMzguODMtMzguNTFsMjAuNzgtMjQuNzFjLjItLjI1LjM5LS41LjU3LS43N2ExNiwxNiwwLDAsMCwxLjMyLTE1LjA2bDAtLjEyTDk3LjU0LDMzLjY0YTE2LDE2LDAsMCwwLTE2LjYyLTkuNTJBNTYuMjYsNTYuMjYsMCwwLDAsMzIsODBjMCw3OS40LDY0LjYsMTQ0LDE0NCwxNDRhNTYuMjYsNTYuMjYsMCwwLDAsNTUuODgtNDguOTJBMTYsMTYsMCwwLDAsMjIyLjM3LDE1OC40NlpNMTc2LDIwOEExMjguMTQsMTI4LjE0LDAsMCwxLDQ4LDgwLDQwLjIsNDAuMiwwLDAsMSw4Mi44Nyw0MGEuNjEuNjEsMCwwLDAsMCwuMTJsMjEsNDdMODMuMiwxMTEuODZhNi4xMyw2LjEzLDAsMCwwLS41Ny43NywxNiwxNiwwLDAsMC0xLDE1LjdjOS4wNiwxOC41MywyNy43MywzNy4wNiw0Ni40Niw0Ni4xMWExNiwxNiwwLDAsMCwxNS43NS0xLjE0LDguNDQsOC40NCwwLDAsMCwuNzQtLjU2TDE2OC44OSwxNTJsNDcsMjEuMDVoMHMuMDgsMCwuMTEsMEE0MC4yMSw0MC4yMSwwLDAsMSwxNzYsMjA4WiI+PC9wYXRoPjwvc3ZnPg==\" alt=\"\"\/><\/figure>\n<\/div>\n\n\n\n<div class=\"wp-block-column is-vertically-aligned-center is-layout-flow wp-container-core-column-is-layout-8a368f38 wp-block-column-is-layout-flow\">\n<p class=\"has-medium-font-size\" style=\"font-style:normal;font-weight:500\">+372 50 17 600<\/p>\n<\/div>\n<\/div>\n\n\n\n<div class=\"wp-block-columns are-vertically-aligned-center is-not-stacked-on-mobile is-layout-flex wp-container-core-columns-is-layout-6db7e666 wp-block-columns-is-layout-flex\">\n<div class=\"wp-block-column is-vertically-aligned-center is-layout-flow wp-block-column-is-layout-flow\" style=\"flex-basis:24px\">\n<figure class=\"wp-block-image size-large wp-duotone-primary-foreground\"><img decoding=\"async\" src=\"data:image\/svg+xml;base64,PHN2ZyB4bWxucz0iaHR0cDovL3d3dy53My5vcmcvMjAwMC9zdmciIHdpZHRoPSIyNCIgaGVpZ2h0PSIyNCIgZmlsbD0iIzAwMDAwMCIgdmlld0JveD0iMCAwIDI1NiAyNTYiPjxwYXRoIGQ9Ik0yMjQsNDhIMzJhOCw4LDAsMCwwLTgsOFYxOTJhMTYsMTYsMCwwLDAsMTYsMTZIMjE2YTE2LDE2LDAsMCwwLDE2LTE2VjU2QTgsOCwwLDAsMCwyMjQsNDhaTTIwMy40Myw2NCwxMjgsMTMzLjE1LDUyLjU3LDY0Wk0yMTYsMTkySDQwVjc0LjE5bDgyLjU5LDc1LjcxYTgsOCwwLDAsMCwxMC44MiwwTDIxNiw3NC4xOVYxOTJaIj48L3BhdGg+PC9zdmc+\" alt=\"\"\/><\/figure>\n<\/div>\n\n\n\n<div class=\"wp-block-column is-vertically-aligned-center is-layout-flow wp-container-core-column-is-layout-8a368f38 wp-block-column-is-layout-flow\">\n<p class=\"has-medium-font-size\" style=\"font-style:normal;font-weight:500\">varjupaik@jjts.ee<\/p>\n\n\n\n<p><\/p>\n<\/div>\n<\/div>\n<\/div>\n\n\n\n<div class=\"wp-block-buttons is-layout-flex wp-block-buttons-is-layout-flex\">\n<div class=\"wp-block-button\"><a class=\"wp-block-button__link wp-element-button\" href=\"http:\/\/jjts.ee\/en\/kontakt\/\">Contacts<\/a><\/div>\n<\/div>\n<\/div>\n<\/div><\/div>\n<\/div>","protected":false},"excerpt":{"rendered":"<p>Oleme avatud 24\/7 Vanatehnika varjupaiga k\u00fclastamiseks on v\u00f5imalik territooriumile siseneda l\u00e4bi kaardimaksega iseteenindusv\u00e4rava. See v\u00f5imaldab teil mugavalt meid k\u00fclastada igal ajal. Lapsevankri v\u00f5i ratastooliga territooriumile sisenemiseks helistage +372 50 17 600 ja me aitame. Ootame teid aadressil: Lai tn 1, J\u00e4rva-Jaani, J\u00e4rvamaa Pileti hind: K\u00fcsimused ja t\u00e4iendav info: +372 50 17 600 varjupaik@jjts.ee<\/p>","protected":false},"author":1,"featured_media":0,"parent":0,"menu_order":0,"comment_status":"closed","ping_status":"closed","template":"no-title","meta":{"_monsterinsights_skip_tracking":false,"_monsterinsights_sitenote_active":false,"_monsterinsights_sitenote_note":"","_monsterinsights_sitenote_category":0,"_uf_show_specific_survey":0,"_uf_disable_surveys":false,"footnotes":""},"class_list":["post-123","page","type-page","status-publish","hentry"],"aioseo_notices":[],"_links":{"self":[{"href":"https:\/\/jjts.ee\/en\/wp-json\/wp\/v2\/pages\/123","targetHints":{"allow":["GET"]}}],"collection":[{"href":"https:\/\/jjts.ee\/en\/wp-json\/wp\/v2\/pages"}],"about":[{"href":"https:\/\/jjts.ee\/en\/wp-json\/wp\/v2\/types\/page"}],"author":[{"embeddable":true,"href":"https:\/\/jjts.ee\/en\/wp-json\/wp\/v2\/users\/1"}],"replies":[{"embeddable":true,"href":"https:\/\/jjts.ee\/en\/wp-json\/wp\/v2\/comments?post=123"}],"version-history":[{"count":12,"href":"https:\/\/jjts.ee\/en\/wp-json\/wp\/v2\/pages\/123\/revisions"}],"predecessor-version":[{"id":168,"href":"https:\/\/jjts.ee\/en\/wp-json\/wp\/v2\/pages\/123\/revisions\/168"}],"wp:attachment":[{"href":"https:\/\/jjts.ee\/en\/wp-json\/wp\/v2\/media?parent=123"}],"curies":[{"name":"wp","href":"https:\/\/api.w.org\/{rel}","templated":true}]}}