{"id":44,"date":"2026-02-13T17:57:35","date_gmt":"2026-02-13T17:57:35","guid":{"rendered":"https:\/\/jjts.ee\/meist\/"},"modified":"2026-02-16T14:31:16","modified_gmt":"2026-02-16T12:31:16","slug":"meist","status":"publish","type":"page","link":"https:\/\/jjts.ee\/en\/avaleht\/meist\/","title":{"rendered":"About us"},"content":{"rendered":"<div class=\"wp-block-group alignfull is-style-ext-preset--group--natural-1--section has-background-background-color has-background has-global-padding is-layout-constrained wp-block-group-is-layout-constrained\" id=\"meist\" style=\"margin-top:0;margin-bottom:0;padding-top:var(--wp--preset--spacing--70);padding-bottom:var(--wp--preset--spacing--70)\">\n<div class=\"wp-block-columns alignwide are-vertically-aligned-center is-layout-flex wp-container-core-columns-is-layout-174606dc wp-block-columns-is-layout-flex\">\n<div class=\"wp-block-column is-vertically-aligned-center is-layout-flow wp-block-column-is-layout-flow\">\n<figure class=\"wp-block-image size-large is-style-ext-preset--image--natural-1--image-1--content-right is-style-ext-preset--image--natural-1--image-1--content-right--2\"><img loading=\"lazy\" decoding=\"async\" width=\"1024\" height=\"768\" src=\"https:\/\/jjts.ee\/wp-content\/uploads\/2026\/02\/2-1-1024x768.jpg\" alt=\"\" class=\"wp-image-84\" style=\"aspect-ratio:1;object-fit:cover\" srcset=\"https:\/\/jjts.ee\/wp-content\/uploads\/2026\/02\/2-1-1024x768.jpg 1024w, https:\/\/jjts.ee\/wp-content\/uploads\/2026\/02\/2-1-300x225.jpg 300w, https:\/\/jjts.ee\/wp-content\/uploads\/2026\/02\/2-1-768x576.jpg 768w, https:\/\/jjts.ee\/wp-content\/uploads\/2026\/02\/2-1-1536x1152.jpg 1536w, https:\/\/jjts.ee\/wp-content\/uploads\/2026\/02\/2-1-16x12.jpg 16w, https:\/\/jjts.ee\/wp-content\/uploads\/2026\/02\/2-1.jpg 2016w\" sizes=\"auto, (max-width: 1024px) 100vw, 1024px\" \/><\/figure>\n<\/div>\n\n\n\n<div class=\"wp-block-column is-vertically-aligned-center is-layout-flow wp-block-column-is-layout-flow\">\n<div class=\"wp-block-group alignwide is-vertical is-layout-flex wp-container-core-group-is-layout-c35747d5 wp-block-group-is-layout-flex\">\n<div class=\"wp-block-group has-global-padding is-layout-constrained wp-container-core-group-is-layout-dd32767c wp-block-group-is-layout-constrained\">\n<h3 class=\"wp-block-heading\" style=\"font-size:clamp(1.25rem, 1.25rem + ((1vw - 0.2rem) * 1.25), 2rem);\">What is the Old Tech Park ?<\/h3>\n\n\n\n<p>Old Tech Park invites all visitors to discover and appreciate the charm and value of historic technology, preserving memories of the past while inspiring the future.<\/p>\n\n\n\n<p>Old Tech Park is a unique open-air exhibition featuring hundreds of primarily Soviet-era vehicles, machinery, and equipment. The entire collection \u2014 including the vintage vehicle park and various covered storage areas \u2014 comprises more than five hundred exhibits in total.<\/p>\n\n\n\n<p>A walk around the two-hectare vintage technology park can extend over one kilometre, offering plenty of discoveries and activities for a full day for adults and children.<\/p>\n\n\n\n<p>The entire area is divided into themed sections, each offering much to explore. In addition, there are separate exhibitions in the exhibition halls.<\/p>\n<\/div>\n<\/div>\n<\/div>\n<\/div>\n<\/div>\n\n\n\n<div class=\"wp-block-columns alignwide are-vertically-aligned-center is-layout-flex wp-container-core-columns-is-layout-174606dc wp-block-columns-is-layout-flex\">\n<div class=\"wp-block-column is-vertically-aligned-center is-layout-flow wp-block-column-is-layout-flow\">\n<div class=\"wp-block-group alignwide is-vertical is-layout-flex wp-container-core-group-is-layout-c35747d5 wp-block-group-is-layout-flex\">\n<div class=\"wp-block-group has-global-padding is-layout-constrained wp-container-core-group-is-layout-dd32767c wp-block-group-is-layout-constrained\">\n<h3 class=\"wp-block-heading\" style=\"font-size:clamp(1.25rem, 1.25rem + ((1vw - 0.2rem) * 1.25), 2rem);\">Discover the charm of vintage technology<\/h3>\n\n\n\n<p>For true enthusiasts and technology lovers, an electronic catalogue of the exhibits of Old Tech Park has been created. It contains nearly 600 exhibits, complete with photographs and detailed information about each item.&nbsp;<\/p>\n\n\n\n<p>View the catalogue:&nbsp;<a href=\"https:\/\/varjupaik.jjts.ee\/?action=text&amp;P=51&amp;ID=51\" target=\"_blank\" rel=\"noreferrer noopener\">varjupaik.jjts.ee<\/a><\/p>\n<\/div>\n<\/div>\n<\/div>\n\n\n\n<div class=\"wp-block-column is-vertically-aligned-center is-layout-flow wp-block-column-is-layout-flow\">\n<figure class=\"wp-block-image size-large is-style-ext-preset--image--natural-1--image-1--content-left is-style-ext-preset--image--natural-1--image-1--content-left--3\"><img loading=\"lazy\" decoding=\"async\" width=\"819\" height=\"1024\" src=\"https:\/\/jjts.ee\/wp-content\/uploads\/2026\/02\/4-1-819x1024.jpg\" alt=\"\" class=\"wp-image-87\" style=\"aspect-ratio:1;object-fit:cover\" srcset=\"https:\/\/jjts.ee\/wp-content\/uploads\/2026\/02\/4-1-819x1024.jpg 819w, https:\/\/jjts.ee\/wp-content\/uploads\/2026\/02\/4-1-240x300.jpg 240w, https:\/\/jjts.ee\/wp-content\/uploads\/2026\/02\/4-1-768x960.jpg 768w, https:\/\/jjts.ee\/wp-content\/uploads\/2026\/02\/4-1-1229x1536.jpg 1229w, https:\/\/jjts.ee\/wp-content\/uploads\/2026\/02\/4-1-10x12.jpg 10w, https:\/\/jjts.ee\/wp-content\/uploads\/2026\/02\/4-1.jpg 1440w\" sizes=\"auto, (max-width: 819px) 100vw, 819px\" \/><\/figure>\n<\/div>\n<\/div>\n\n\n\n<figure class=\"wp-block-embed is-type-video is-provider-youtube wp-block-embed-youtube wp-embed-aspect-16-9 wp-has-aspect-ratio\"><div class=\"wp-block-embed__wrapper\">\n<iframe loading=\"lazy\" title=\"J\u00e4rva-Jaani Vanatehnika varjupaik 2024\" width=\"500\" height=\"281\" src=\"https:\/\/www.youtube.com\/embed\/CFQz9FHEqsI?feature=oembed\" frameborder=\"0\" allow=\"accelerometer; autoplay; clipboard-write; encrypted-media; gyroscope; picture-in-picture; web-share\" referrerpolicy=\"strict-origin-when-cross-origin\" allowfullscreen><\/iframe>\n<\/div><\/figure>","protected":false},"excerpt":{"rendered":"<p>Mis on vanatehnika varjupaik? Vanatehnika varjupaik kutsub k\u00f5iki k\u00fclastajaid avastama ja hindama ajaloolise tehnika v\u00f5lu ning v\u00e4\u00e4rtust, hoides m\u00f6\u00f6dunud aegade m\u00e4lestusi ja inspireerides tulevikku. Vanatehnika varjupaik on ainulaadne vaba\u00f5hun\u00e4itus, kus on v\u00e4ljas sadu peamiselt n\u00f5ukogudeaegseid s\u00f5idukeid, masinaid ja tehnikat. Kogu kollektsioonis koos vanatehnika pargi ja erinevate katusealuste hoidlatega on kokku \u00fcle pooletuhande eksponaadi. Jalutusk\u00e4ik vanatehnika [&hellip;]<\/p>\n","protected":false},"author":1,"featured_media":0,"parent":45,"menu_order":0,"comment_status":"closed","ping_status":"closed","template":"no-title","meta":{"_monsterinsights_skip_tracking":false,"_monsterinsights_sitenote_active":false,"_monsterinsights_sitenote_note":"","_monsterinsights_sitenote_category":0,"_uf_show_specific_survey":0,"_uf_disable_surveys":false,"footnotes":""},"class_list":["post-44","page","type-page","status-publish","hentry"],"aioseo_notices":[],"_links":{"self":[{"href":"https:\/\/jjts.ee\/en\/wp-json\/wp\/v2\/pages\/44","targetHints":{"allow":["GET"]}}],"collection":[{"href":"https:\/\/jjts.ee\/en\/wp-json\/wp\/v2\/pages"}],"about":[{"href":"https:\/\/jjts.ee\/en\/wp-json\/wp\/v2\/types\/page"}],"author":[{"embeddable":true,"href":"https:\/\/jjts.ee\/en\/wp-json\/wp\/v2\/users\/1"}],"replies":[{"embeddable":true,"href":"https:\/\/jjts.ee\/en\/wp-json\/wp\/v2\/comments?post=44"}],"version-history":[{"count":12,"href":"https:\/\/jjts.ee\/en\/wp-json\/wp\/v2\/pages\/44\/revisions"}],"predecessor-version":[{"id":172,"href":"https:\/\/jjts.ee\/en\/wp-json\/wp\/v2\/pages\/44\/revisions\/172"}],"up":[{"embeddable":true,"href":"https:\/\/jjts.ee\/en\/wp-json\/wp\/v2\/pages\/45"}],"wp:attachment":[{"href":"https:\/\/jjts.ee\/en\/wp-json\/wp\/v2\/media?parent=44"}],"curies":[{"name":"wp","href":"https:\/\/api.w.org\/{rel}","templated":true}]}}