{"id":45,"date":"2026-02-13T17:57:36","date_gmt":"2026-02-13T17:57:36","guid":{"rendered":"https:\/\/jjts.ee\/avaleht\/"},"modified":"2026-02-16T14:40:06","modified_gmt":"2026-02-16T12:40:06","slug":"avaleht","status":"publish","type":"page","link":"https:\/\/jjts.ee\/en\/","title":{"rendered":"Sukeldu ajalooh\u00f5ngulisse vanatehnika maailma Vanatehnika varjupaigas"},"content":{"rendered":"<div class=\"wp-block-group alignfull is-style-ext-preset--group--natural-1--section has-background-background-color has-background has-global-padding is-layout-constrained wp-block-group-is-layout-constrained\" style=\"margin-top:0;margin-bottom:0;padding-top:var(--wp--preset--spacing--50);padding-bottom:var(--wp--preset--spacing--70)\">\n<div class=\"wp-block-columns alignwide are-vertically-aligned-center is-layout-flex wp-container-core-columns-is-layout-174606dc wp-block-columns-is-layout-flex\">\n<div class=\"wp-block-column is-vertically-aligned-center is-layout-flow wp-block-column-is-layout-flow\">\n<figure class=\"wp-block-image size-large is-style-ext-preset--image--natural-1--image-1--content-right is-style-ext-preset--image--natural-1--image-1--content-right--2\"><img loading=\"lazy\" decoding=\"async\" width=\"1024\" height=\"683\" src=\"https:\/\/jjts.ee\/wp-content\/uploads\/2026\/02\/8-1024x683.jpg\" alt=\"\" class=\"wp-image-48\" style=\"aspect-ratio:1;object-fit:cover\" srcset=\"https:\/\/jjts.ee\/wp-content\/uploads\/2026\/02\/8-1024x683.jpg 1024w, https:\/\/jjts.ee\/wp-content\/uploads\/2026\/02\/8-300x200.jpg 300w, https:\/\/jjts.ee\/wp-content\/uploads\/2026\/02\/8-768x512.jpg 768w, https:\/\/jjts.ee\/wp-content\/uploads\/2026\/02\/8-1536x1024.jpg 1536w, https:\/\/jjts.ee\/wp-content\/uploads\/2026\/02\/8-18x12.jpg 18w, https:\/\/jjts.ee\/wp-content\/uploads\/2026\/02\/8.jpg 2048w\" sizes=\"auto, (max-width: 1024px) 100vw, 1024px\" \/><\/figure>\n<\/div>\n\n\n\n<div class=\"wp-block-column is-vertically-aligned-center is-layout-flow wp-block-column-is-layout-flow\">\n<div class=\"wp-block-group alignwide is-vertical is-layout-flex wp-container-core-group-is-layout-c35747d5 wp-block-group-is-layout-flex\">\n<div class=\"wp-block-group has-global-padding is-layout-constrained wp-container-core-group-is-layout-dd32767c wp-block-group-is-layout-constrained\">\n<h2 class=\"wp-block-heading\">Dive into the historic world of vintage technology<\/h2>\n\n\n\n<p class=\"has-text-align-left\">The Old Tech Park offers a unique opportunity to explore the history of technology from different eras through fascinating and distinctive exhibits. Our vintage technology park is a special collection that includes a wide variety of vehicles and equipment, making us something more than a traditional museum. Here, both dedicated enthusiasts and history lovers \u2014 as well as those encountering vintage technology for the first time \u2014 can enjoy a memorable experience.<br>Come and take a journey through time that brings nostalgia to life and leaves you with a lasting and emotional memory.<\/p>\n\n\n\n<p><\/p>\n<\/div>\n\n\n\n<div class=\"wp-block-buttons is-layout-flex wp-block-buttons-is-layout-flex\">\n<div class=\"wp-block-button\"><a class=\"wp-block-button__link wp-element-button\" href=\"https:\/\/jjts.ee\/en\/meist\/\">About us<\/a><\/div>\n<\/div>\n<\/div>\n<\/div>\n<\/div>\n<\/div>","protected":false},"excerpt":{"rendered":"<p>Sukeldu ajalooh\u00f5ngulisse vanatehnika maailma Vanatehnika varjupaik pakub ainulaadset v\u00f5imalust avastada eri ajastute tehnikaajalugu l\u00e4bi huvitavate ja oman\u00e4oliste eksponaatide. Meie vanatehnika park on eriline kollektsioon, kuhu kuuluvad mitmesugused s\u00f5idukid ja seadmed, mis teevad meist midagi enamat kui tavap\u00e4rase muuseumi. Siin saavad elamuse nii t\u00f5elised harrastajad ja ajaloohuvilised kui ka need, kes kohtuvad vanatehnikaga esimest korda.Tule ja [&hellip;]<\/p>\n","protected":false},"author":1,"featured_media":0,"parent":0,"menu_order":0,"comment_status":"closed","ping_status":"closed","template":"no-title","meta":{"_monsterinsights_skip_tracking":false,"_monsterinsights_sitenote_active":false,"_monsterinsights_sitenote_note":"","_monsterinsights_sitenote_category":0,"_uf_show_specific_survey":0,"_uf_disable_surveys":false,"footnotes":""},"class_list":["post-45","page","type-page","status-publish","hentry"],"aioseo_notices":[],"_links":{"self":[{"href":"https:\/\/jjts.ee\/en\/wp-json\/wp\/v2\/pages\/45","targetHints":{"allow":["GET"]}}],"collection":[{"href":"https:\/\/jjts.ee\/en\/wp-json\/wp\/v2\/pages"}],"about":[{"href":"https:\/\/jjts.ee\/en\/wp-json\/wp\/v2\/types\/page"}],"author":[{"embeddable":true,"href":"https:\/\/jjts.ee\/en\/wp-json\/wp\/v2\/users\/1"}],"replies":[{"embeddable":true,"href":"https:\/\/jjts.ee\/en\/wp-json\/wp\/v2\/comments?post=45"}],"version-history":[{"count":14,"href":"https:\/\/jjts.ee\/en\/wp-json\/wp\/v2\/pages\/45\/revisions"}],"predecessor-version":[{"id":176,"href":"https:\/\/jjts.ee\/en\/wp-json\/wp\/v2\/pages\/45\/revisions\/176"}],"wp:attachment":[{"href":"https:\/\/jjts.ee\/en\/wp-json\/wp\/v2\/media?parent=45"}],"curies":[{"name":"wp","href":"https:\/\/api.w.org\/{rel}","templated":true}]}}