{"id":93,"date":"2026-02-14T14:39:46","date_gmt":"2026-02-14T12:39:46","guid":{"rendered":"https:\/\/jjts.ee\/?page_id=93"},"modified":"2026-02-17T11:02:40","modified_gmt":"2026-02-17T09:02:40","slug":"kontakt","status":"publish","type":"page","link":"https:\/\/jjts.ee\/en\/kontakt\/","title":{"rendered":"Kontakt"},"content":{"rendered":"<div class=\"wp-block-group alignfull is-style-ext-preset--group--natural-1--section has-tertiary-background-color has-background has-global-padding is-layout-constrained wp-block-group-is-layout-constrained\" id=\"kontakt\" style=\"margin-top:0;margin-bottom:0;padding-top:var(--wp--preset--spacing--70);padding-bottom:var(--wp--preset--spacing--70)\">\n<div class=\"wp-block-columns alignwide is-layout-flex wp-container-core-columns-is-layout-08c01c1c wp-block-columns-is-layout-flex\">\n<div class=\"wp-block-column is-vertically-aligned-stretch is-layout-flow wp-block-column-is-layout-flow\">\n<div class=\"wp-block-group alignwide is-style-ext-preset--group--natural-1--item-card-1--align-start has-background-background-color has-background is-nowrap is-layout-flex wp-container-core-group-is-layout-bcde1d39 wp-block-group-is-layout-flex is-style-ext-preset--group--natural-1--item-card-1--align-start--2\" style=\"min-height:100%;padding-top:0;padding-right:0;padding-bottom:0;padding-left:0\">\n<div class=\"wp-block-group alignwide has-global-padding is-layout-constrained wp-container-core-group-is-layout-71f8e6ab wp-block-group-is-layout-constrained\" style=\"padding-top:var(--wp--preset--spacing--50);padding-right:var(--wp--preset--spacing--50);padding-bottom:var(--wp--preset--spacing--50);padding-left:var(--wp--preset--spacing--50)\">\n<div class=\"wp-block-group has-global-padding is-layout-constrained wp-container-core-group-is-layout-812d5580 wp-block-group-is-layout-constrained\" style=\"padding-top:0;padding-right:0;padding-bottom:0;padding-left:0\">\n<p style=\"font-size:clamp(1.25rem, 1.25rem + ((1vw - 0.2rem) * 1.25), 2rem);\"><strong>Contact details for Old Tech Park:<\/strong><\/p>\n\n\n\n<div class=\"wp-block-columns is-not-stacked-on-mobile is-layout-flex wp-container-core-columns-is-layout-6db7e666 wp-block-columns-is-layout-flex\">\n<div class=\"wp-block-column is-layout-flow wp-block-column-is-layout-flow\" style=\"padding-top:2px;flex-basis:24px\">\n<figure class=\"wp-block-image size-large wp-duotone-primary-foreground\"><img decoding=\"async\" src=\"data:image\/svg+xml;base64,PHN2ZyB4bWxucz0iaHR0cDovL3d3dy53My5vcmcvMjAwMC9zdmciIHdpZHRoPSIyNCIgaGVpZ2h0PSIyNCIgZmlsbD0iIzAwMDAwMCIgdmlld0JveD0iMCAwIDI1NiAyNTYiPjxwYXRoIGQ9Ik0yMDAsMjI0SDE1MC41NEEyNjYuNTYsMjY2LjU2LDAsMCwwLDE3NCwyMDAuMjVjMjcuNDUtMzEuNTcsNDItNjQuODUsNDItOTYuMjVhODgsODgsMCwwLDAtMTc2LDBjMCwzMS40LDE0LjUxLDY0LjY4LDQyLDk2LjI1QTI2Ni41NiwyNjYuNTYsMCwwLDAsMTA1LjQ2LDIyNEg1NmE4LDgsMCwwLDAsMCwxNkgyMDBhOCw4LDAsMCwwLDAtMTZaTTU2LDEwNGE3Miw3MiwwLDAsMSwxNDQsMGMwLDU3LjIzLTU1LjQ3LDEwNS03MiwxMThDMTExLjQ3LDIwOSw1NiwxNjEuMjMsNTYsMTA0Wm0xMTIsMGE0MCw0MCwwLDEsMC00MCw0MEE0MCw0MCwwLDAsMCwxNjgsMTA0Wm0tNjQsMGEyNCwyNCwwLDEsMSwyNCwyNEEyNCwyNCwwLDAsMSwxMDQsMTA0WiI+PC9wYXRoPjwvc3ZnPg==\" alt=\"\"\/><\/figure>\n<\/div>\n\n\n\n<div class=\"wp-block-column is-layout-flow wp-container-core-column-is-layout-8a368f38 wp-block-column-is-layout-flow\">\n<p class=\"has-medium-font-size\" style=\"font-style:normal;font-weight:500\">Lai Street 1, J\u00e4rva-Jaani, J\u00e4rva County<\/p>\n\n\n\n<p class=\"has-medium-font-size\" style=\"margin-top:0;margin-bottom:0;font-style:normal;font-weight:500\">J\u00e4rva vald, J\u00e4rvamaa<\/p>\n<\/div>\n<\/div>\n\n\n\n<div class=\"wp-block-columns are-vertically-aligned-center is-not-stacked-on-mobile is-layout-flex wp-container-core-columns-is-layout-6db7e666 wp-block-columns-is-layout-flex\">\n<div class=\"wp-block-column is-vertically-aligned-center is-layout-flow wp-block-column-is-layout-flow\" style=\"flex-basis:24px\">\n<figure class=\"wp-block-image size-large wp-duotone-primary-foreground\"><img decoding=\"async\" src=\"data:image\/svg+xml;base64,PHN2ZyB4bWxucz0iaHR0cDovL3d3dy53My5vcmcvMjAwMC9zdmciIHdpZHRoPSIyNCIgaGVpZ2h0PSIyNCIgZmlsbD0iIzAwMDAwMCIgdmlld0JveD0iMCAwIDI1NiAyNTYiPjxwYXRoIGQ9Ik0yMjIuMzcsMTU4LjQ2bC00Ny4xMS0yMS4xMS0uMTMtLjA2YTE2LDE2LDAsMCwwLTE1LjE3LDEuNCw4LjEyLDguMTIsMCwwLDAtLjc1LjU2TDEzNC44NywxNjBjLTE1LjQyLTcuNDktMzEuMzQtMjMuMjktMzguODMtMzguNTFsMjAuNzgtMjQuNzFjLjItLjI1LjM5LS41LjU3LS43N2ExNiwxNiwwLDAsMCwxLjMyLTE1LjA2bDAtLjEyTDk3LjU0LDMzLjY0YTE2LDE2LDAsMCwwLTE2LjYyLTkuNTJBNTYuMjYsNTYuMjYsMCwwLDAsMzIsODBjMCw3OS40LDY0LjYsMTQ0LDE0NCwxNDRhNTYuMjYsNTYuMjYsMCwwLDAsNTUuODgtNDguOTJBMTYsMTYsMCwwLDAsMjIyLjM3LDE1OC40NlpNMTc2LDIwOEExMjguMTQsMTI4LjE0LDAsMCwxLDQ4LDgwLDQwLjIsNDAuMiwwLDAsMSw4Mi44Nyw0MGEuNjEuNjEsMCwwLDAsMCwuMTJsMjEsNDdMODMuMiwxMTEuODZhNi4xMyw2LjEzLDAsMCwwLS41Ny43NywxNiwxNiwwLDAsMC0xLDE1LjdjOS4wNiwxOC41MywyNy43MywzNy4wNiw0Ni40Niw0Ni4xMWExNiwxNiwwLDAsMCwxNS43NS0xLjE0LDguNDQsOC40NCwwLDAsMCwuNzQtLjU2TDE2OC44OSwxNTJsNDcsMjEuMDVoMHMuMDgsMCwuMTEsMEE0MC4yMSw0MC4yMSwwLDAsMSwxNzYsMjA4WiI+PC9wYXRoPjwvc3ZnPg==\" alt=\"\"\/><\/figure>\n<\/div>\n\n\n\n<div class=\"wp-block-column is-vertically-aligned-center is-layout-flow wp-container-core-column-is-layout-8a368f38 wp-block-column-is-layout-flow\">\n<p class=\"has-medium-font-size\" style=\"font-style:normal;font-weight:500\">+372 50 17 600<\/p>\n<\/div>\n<\/div>\n\n\n\n<div class=\"wp-block-columns are-vertically-aligned-center is-not-stacked-on-mobile is-layout-flex wp-container-core-columns-is-layout-6db7e666 wp-block-columns-is-layout-flex\">\n<div class=\"wp-block-column is-vertically-aligned-center is-layout-flow wp-block-column-is-layout-flow\" style=\"flex-basis:24px\">\n<figure class=\"wp-block-image size-large wp-duotone-primary-foreground\"><img decoding=\"async\" src=\"data:image\/svg+xml;base64,PHN2ZyB4bWxucz0iaHR0cDovL3d3dy53My5vcmcvMjAwMC9zdmciIHdpZHRoPSIyNCIgaGVpZ2h0PSIyNCIgZmlsbD0iIzAwMDAwMCIgdmlld0JveD0iMCAwIDI1NiAyNTYiPjxwYXRoIGQ9Ik0yMjQsNDhIMzJhOCw4LDAsMCwwLTgsOFYxOTJhMTYsMTYsMCwwLDAsMTYsMTZIMjE2YTE2LDE2LDAsMCwwLDE2LTE2VjU2QTgsOCwwLDAsMCwyMjQsNDhaTTIwMy40Myw2NCwxMjgsMTMzLjE1LDUyLjU3LDY0Wk0yMTYsMTkySDQwVjc0LjE5bDgyLjU5LDc1LjcxYTgsOCwwLDAsMCwxMC44MiwwTDIxNiw3NC4xOVYxOTJaIj48L3BhdGg+PC9zdmc+\" alt=\"\"\/><\/figure>\n<\/div>\n\n\n\n<div class=\"wp-block-column is-vertically-aligned-center is-layout-flow wp-container-core-column-is-layout-8a368f38 wp-block-column-is-layout-flow\">\n<p class=\"has-medium-font-size\" style=\"font-style:normal;font-weight:500\">varjupaik@jjts.ee<\/p>\n<\/div>\n<\/div>\n<\/div>\n\n\n\n<ul class=\"wp-block-social-links is-layout-flex wp-block-social-links-is-layout-flex\"><li class=\"wp-social-link wp-social-link-facebook  wp-block-social-link\"><a href=\"https:\/\/www.facebook.com\/varjupaik.jjts.ee\" class=\"wp-block-social-link-anchor\"><svg width=\"24\" height=\"24\" viewbox=\"0 0 24 24\" version=\"1.1\" xmlns=\"http:\/\/www.w3.org\/2000\/svg\" aria-hidden=\"true\" focusable=\"false\"><path d=\"M12 2C6.5 2 2 6.5 2 12c0 5 3.7 9.1 8.4 9.9v-7H7.9V12h2.5V9.8c0-2.5 1.5-3.9 3.8-3.9 1.1 0 2.2.2 2.2.2v2.5h-1.3c-1.2 0-1.6.8-1.6 1.6V12h2.8l-.4 2.9h-2.3v7C18.3 21.1 22 17 22 12c0-5.5-4.5-10-10-10z\"><\/path><\/svg><span class=\"wp-block-social-link-label screen-reader-text\">Facebook<\/span><\/a><\/li>\n\n<li class=\"wp-social-link wp-social-link-instagram  wp-block-social-link\"><a href=\"https:\/\/www.instagram.com\/vanatehnikavarjupaik\/\" class=\"wp-block-social-link-anchor\"><svg width=\"24\" height=\"24\" viewbox=\"0 0 24 24\" version=\"1.1\" xmlns=\"http:\/\/www.w3.org\/2000\/svg\" aria-hidden=\"true\" focusable=\"false\"><path d=\"M12,4.622c2.403,0,2.688,0.009,3.637,0.052c0.877,0.04,1.354,0.187,1.671,0.31c0.42,0.163,0.72,0.358,1.035,0.673 c0.315,0.315,0.51,0.615,0.673,1.035c0.123,0.317,0.27,0.794,0.31,1.671c0.043,0.949,0.052,1.234,0.052,3.637 s-0.009,2.688-0.052,3.637c-0.04,0.877-0.187,1.354-0.31,1.671c-0.163,0.42-0.358,0.72-0.673,1.035 c-0.315,0.315-0.615,0.51-1.035,0.673c-0.317,0.123-0.794,0.27-1.671,0.31c-0.949,0.043-1.233,0.052-3.637,0.052 s-2.688-0.009-3.637-0.052c-0.877-0.04-1.354-0.187-1.671-0.31c-0.42-0.163-0.72-0.358-1.035-0.673 c-0.315-0.315-0.51-0.615-0.673-1.035c-0.123-0.317-0.27-0.794-0.31-1.671C4.631,14.688,4.622,14.403,4.622,12 s0.009-2.688,0.052-3.637c0.04-0.877,0.187-1.354,0.31-1.671c0.163-0.42,0.358-0.72,0.673-1.035 c0.315-0.315,0.615-0.51,1.035-0.673c0.317-0.123,0.794-0.27,1.671-0.31C9.312,4.631,9.597,4.622,12,4.622 M12,3 C9.556,3,9.249,3.01,8.289,3.054C7.331,3.098,6.677,3.25,6.105,3.472C5.513,3.702,5.011,4.01,4.511,4.511 c-0.5,0.5-0.808,1.002-1.038,1.594C3.25,6.677,3.098,7.331,3.054,8.289C3.01,9.249,3,9.556,3,12c0,2.444,0.01,2.751,0.054,3.711 c0.044,0.958,0.196,1.612,0.418,2.185c0.23,0.592,0.538,1.094,1.038,1.594c0.5,0.5,1.002,0.808,1.594,1.038 c0.572,0.222,1.227,0.375,2.185,0.418C9.249,20.99,9.556,21,12,21s2.751-0.01,3.711-0.054c0.958-0.044,1.612-0.196,2.185-0.418 c0.592-0.23,1.094-0.538,1.594-1.038c0.5-0.5,0.808-1.002,1.038-1.594c0.222-0.572,0.375-1.227,0.418-2.185 C20.99,14.751,21,14.444,21,12s-0.01-2.751-0.054-3.711c-0.044-0.958-0.196-1.612-0.418-2.185c-0.23-0.592-0.538-1.094-1.038-1.594 c-0.5-0.5-1.002-0.808-1.594-1.038c-0.572-0.222-1.227-0.375-2.185-0.418C14.751,3.01,14.444,3,12,3L12,3z M12,7.378 c-2.552,0-4.622,2.069-4.622,4.622S9.448,16.622,12,16.622s4.622-2.069,4.622-4.622S14.552,7.378,12,7.378z M12,15 c-1.657,0-3-1.343-3-3s1.343-3,3-3s3,1.343,3,3S13.657,15,12,15z M16.804,6.116c-0.596,0-1.08,0.484-1.08,1.08 s0.484,1.08,1.08,1.08c0.596,0,1.08-0.484,1.08-1.08S17.401,6.116,16.804,6.116z\"><\/path><\/svg><span class=\"wp-block-social-link-label screen-reader-text\">Instagram<\/span><\/a><\/li>\n\n<li class=\"wp-social-link wp-social-link-youtube  wp-block-social-link\"><a href=\"https:\/\/www.youtube.com\/@VanatehnikaVarjupaik\" class=\"wp-block-social-link-anchor\"><svg width=\"24\" height=\"24\" viewbox=\"0 0 24 24\" version=\"1.1\" xmlns=\"http:\/\/www.w3.org\/2000\/svg\" aria-hidden=\"true\" focusable=\"false\"><path d=\"M21.8,8.001c0,0-0.195-1.378-0.795-1.985c-0.76-0.797-1.613-0.801-2.004-0.847c-2.799-0.202-6.997-0.202-6.997-0.202 h-0.009c0,0-4.198,0-6.997,0.202C4.608,5.216,3.756,5.22,2.995,6.016C2.395,6.623,2.2,8.001,2.2,8.001S2,9.62,2,11.238v1.517 c0,1.618,0.2,3.237,0.2,3.237s0.195,1.378,0.795,1.985c0.761,0.797,1.76,0.771,2.205,0.855c1.6,0.153,6.8,0.201,6.8,0.201 s4.203-0.006,7.001-0.209c0.391-0.047,1.243-0.051,2.004-0.847c0.6-0.607,0.795-1.985,0.795-1.985s0.2-1.618,0.2-3.237v-1.517 C22,9.62,21.8,8.001,21.8,8.001z M9.935,14.594l-0.001-5.62l5.404,2.82L9.935,14.594z\"><\/path><\/svg><span class=\"wp-block-social-link-label screen-reader-text\">YouTube<\/span><\/a><\/li><\/ul>\n\n\n\n<ul class=\"wp-block-social-links is-layout-flex wp-block-social-links-is-layout-flex\"><\/ul>\n<\/div>\n<\/div>\n<\/div>\n\n\n\n<div class=\"wp-block-column is-vertically-aligned-center is-layout-flow wp-block-column-is-layout-flow\">\n<div class=\"wp-block-group is-nowrap is-layout-flex wp-container-core-group-is-layout-6c531013 wp-block-group-is-layout-flex\">\n<figure class=\"wp-block-image size-large is-style-ext-preset--image--natural-1--image-1--content-right is-style-ext-preset--image--natural-1--image-1--content-right--3\"><img loading=\"lazy\" decoding=\"async\" width=\"1024\" height=\"768\" src=\"https:\/\/jjts.ee\/wp-content\/uploads\/2026\/02\/1-1024x768.jpg\" alt=\"\" class=\"wp-image-68\" style=\"aspect-ratio:4\/3;object-fit:cover\" srcset=\"https:\/\/jjts.ee\/wp-content\/uploads\/2026\/02\/1-1024x768.jpg 1024w, https:\/\/jjts.ee\/wp-content\/uploads\/2026\/02\/1-300x225.jpg 300w, https:\/\/jjts.ee\/wp-content\/uploads\/2026\/02\/1-768x576.jpg 768w, https:\/\/jjts.ee\/wp-content\/uploads\/2026\/02\/1-1536x1152.jpg 1536w, https:\/\/jjts.ee\/wp-content\/uploads\/2026\/02\/1-16x12.jpg 16w, https:\/\/jjts.ee\/wp-content\/uploads\/2026\/02\/1.jpg 2016w\" sizes=\"auto, (max-width: 1024px) 100vw, 1024px\" \/><\/figure>\n<\/div>\n<\/div>\n<\/div>\n<\/div>\n\n\n\n<iframe src=\"https:\/\/www.google.com\/maps\/embed?pb=!1m18!1m12!1m3!1d1220.2952072724797!2d25.884508766403297!3d59.04396121391943!2m3!1f0!2f0!3f0!3m2!1i1024!2i768!4f13.1!3m3!1m2!1s0x4693408e948a49f1%3A0x1f03eb56a8fd2fe4!2sJ%C3%A4rva-Jaani%20Vanatehnika%20varjupaik%2F%20OldTech%20Park!5e0!3m2!1set!2see!4v1771156254208!5m2!1set!2see\" width=\"600\" height=\"450\" style=\"border:0;\" allowfullscreen=\"\" loading=\"lazy\" referrerpolicy=\"no-referrer-when-downgrade\"><\/iframe>","protected":false},"excerpt":{"rendered":"<p>Vanatehnika varjupaiga kontaktid: Lai tn 1, J\u00e4rva-Jaani alev J\u00e4rva vald, J\u00e4rvamaa +372 50 17 600 varjupaik@jjts.ee<\/p>","protected":false},"author":1,"featured_media":94,"parent":0,"menu_order":0,"comment_status":"closed","ping_status":"closed","template":"","meta":{"_monsterinsights_skip_tracking":false,"_monsterinsights_sitenote_active":false,"_monsterinsights_sitenote_note":"","_monsterinsights_sitenote_category":0,"_uf_show_specific_survey":0,"_uf_disable_surveys":false,"footnotes":""},"class_list":["post-93","page","type-page","status-publish","has-post-thumbnail","hentry"],"aioseo_notices":[],"_links":{"self":[{"href":"https:\/\/jjts.ee\/en\/wp-json\/wp\/v2\/pages\/93","targetHints":{"allow":["GET"]}}],"collection":[{"href":"https:\/\/jjts.ee\/en\/wp-json\/wp\/v2\/pages"}],"about":[{"href":"https:\/\/jjts.ee\/en\/wp-json\/wp\/v2\/types\/page"}],"author":[{"embeddable":true,"href":"https:\/\/jjts.ee\/en\/wp-json\/wp\/v2\/users\/1"}],"replies":[{"embeddable":true,"href":"https:\/\/jjts.ee\/en\/wp-json\/wp\/v2\/comments?post=93"}],"version-history":[{"count":8,"href":"https:\/\/jjts.ee\/en\/wp-json\/wp\/v2\/pages\/93\/revisions"}],"predecessor-version":[{"id":195,"href":"https:\/\/jjts.ee\/en\/wp-json\/wp\/v2\/pages\/93\/revisions\/195"}],"wp:featuredmedia":[{"embeddable":true,"href":"https:\/\/jjts.ee\/en\/wp-json\/wp\/v2\/media\/94"}],"wp:attachment":[{"href":"https:\/\/jjts.ee\/en\/wp-json\/wp\/v2\/media?parent=93"}],"curies":[{"name":"wp","href":"https:\/\/api.w.org\/{rel}","templated":true}]}}